{"id":816,"date":"2017-08-14T12:34:59","date_gmt":"2017-08-14T12:34:59","guid":{"rendered":"https:\/\/andreasliebrecht.com\/?page_id=816"},"modified":"2021-05-17T06:56:54","modified_gmt":"2021-05-17T06:56:54","slug":"geschaftsbedingungen","status":"publish","type":"page","link":"https:\/\/andreasliebrecht.com\/?page_id=816&lang=de","title":{"rendered":"Gesch\u00e4ftsbedingungen"},"content":{"rendered":"<h3>Gesch\u00e4ftsbedingungen<\/h3>\n<h3><\/h3>\n<h3>1. Audiomaterial\/Digitale Noten<\/h3>\n<p>Mit dem Kauf eines Produktes dieser Webseite &#8220;www.andreasliebrecht.com&#8221; akzeptieren Sie folgende Bedingungen:<\/p>\n<p><strong>Audiomaterial<\/strong><\/p>\n<ul>\n<li class=\"orangeBullet\">Sie haben das Recht, nach dem Kauf ein Produkt bis zu 3 Mal f\u00fcr ihre private Nutzung herunterzuladen<\/li>\n<li class=\"orangeBullet\">Es ist nicht erlaubt, das Musikmaterial in irgendeiner Form zu ver\u00f6ffentlichen oder andere Nutzen daraus zu ziehen<\/li>\n<\/ul>\n<p><strong>Digitale Noten<\/strong><\/p>\n<ul>\n<li>Sie haben das Recht, das Produkt nach dem Kauf f\u00fcr ihre private Nutzung bis zu 3 Mal herunterzuladen<\/li>\n<li>Die digitalen Noten d\u00fcrfen f\u00fcr private Zwecke ausgedruckt werden, ausgenommen f\u00fcr Liveauftritte<\/li>\n<li class=\"orangeBullet\">Es ist nicht erlaubt die Noten in irgendeiner Weise oder Form zu ver\u00f6ffentlichen<\/li>\n<\/ul>\n<h3>2.R\u00fcckgaberecht\/R\u00fcckerstattung<\/h3>\n<p>Das digitale Audiomaterial und die Noten werden von www.andreasliebrecht.com angeboten und verkauft.<br \/>\nMit dem Kauf eines Produktes akzeptieren Sie den Ausschluss des R\u00fcckgaberechts.<br \/>\nSie werden unmittelbar nach dem Kauf zur Zahlung \u00fcber den Anbieter Paypal aufgefordert.<\/p>\n<p>Falls irgendwelche Probleme bei dem Kauf eines Produktes auftreten sollten, kontaktieren sie mich bitte umgehend f\u00fcr Hilfe<\/p>\n<h3>3.Zust\u00e4ndigkeit<\/h3>\n<p>Das Urheberrecht der angebotenen Produkte des Website-Shops auf &#8220;www.andreasliebrecht.com&#8221; hat der Eigent\u00fcmer dieser Webseite, Andreas Liebrecht &#8211; weitere Informationen siehe unten<\/p>\n<h3>4.Impressum<\/h3>\n<p>Andreas Liebrecht<\/p>\n<p>Mecklenburgerstra\u00dfe 6<br \/>\n49205 Hasbergen<\/p>\n<p>0 54 05\/ 80 68 60<\/p>\n<p>Falls Sie irgendwelche Fragen bez\u00fcglich der Gesch\u00e4ftsbedingungen haben, schicken Sie bitte eine E-Mail an:<\/p>\n<p><img fetchpriority=\"high\" decoding=\"async\" class=\"size-full wp-image-252 alignleft\" src=\"https:\/\/mlvk8vbb6wbi.i.optimole.com\/w:auto\/h:auto\/q:mauto\/f:best\/ig:avif\/https:\/\/andreasliebrecht.com\/wp-content\/uploads\/2017\/08\/mail-foto.jpg\" alt=\"\" width=\"263\" height=\"21\" \/><\/p>\n","protected":false},"excerpt":{"rendered":"<p>Gesch\u00e4ftsbedingungen 1. Audiomaterial\/Digitale Noten Mit dem Kauf eines Produktes dieser Webseite &#8220;www.andreasliebrecht.com&#8221; akzeptieren Sie folgende Bedingungen: Audiomaterial Sie haben das Recht, nach dem Kauf ein Produkt bis zu 3 Mal f\u00fcr ihre private Nutzung herunterzuladen Es ist nicht erlaubt, das Musikmaterial in irgendeiner Form zu ver\u00f6ffentlichen oder andere Nutzen daraus zu ziehen Digitale Noten Sie [&hellip;]<\/p>\n","protected":false},"author":1,"featured_media":0,"parent":802,"menu_order":1,"comment_status":"closed","ping_status":"closed","template":"","meta":{"footnotes":""},"class_list":["post-816","page","type-page","status-publish","hentry"],"_links":{"self":[{"href":"https:\/\/andreasliebrecht.com\/index.php?rest_route=\/wp\/v2\/pages\/816"}],"collection":[{"href":"https:\/\/andreasliebrecht.com\/index.php?rest_route=\/wp\/v2\/pages"}],"about":[{"href":"https:\/\/andreasliebrecht.com\/index.php?rest_route=\/wp\/v2\/types\/page"}],"author":[{"embeddable":true,"href":"https:\/\/andreasliebrecht.com\/index.php?rest_route=\/wp\/v2\/users\/1"}],"replies":[{"embeddable":true,"href":"https:\/\/andreasliebrecht.com\/index.php?rest_route=%2Fwp%2Fv2%2Fcomments&post=816"}],"version-history":[{"count":1,"href":"https:\/\/andreasliebrecht.com\/index.php?rest_route=\/wp\/v2\/pages\/816\/revisions"}],"predecessor-version":[{"id":1414,"href":"https:\/\/andreasliebrecht.com\/index.php?rest_route=\/wp\/v2\/pages\/816\/revisions\/1414"}],"up":[{"embeddable":true,"href":"https:\/\/andreasliebrecht.com\/index.php?rest_route=\/wp\/v2\/pages\/802"}],"wp:attachment":[{"href":"https:\/\/andreasliebrecht.com\/index.php?rest_route=%2Fwp%2Fv2%2Fmedia&parent=816"}],"curies":[{"name":"wp","href":"https:\/\/api.w.org\/{rel}","templated":true}]}}