{"id":802,"date":"2018-10-10T16:02:23","date_gmt":"2018-10-10T16:02:23","guid":{"rendered":"https:\/\/andreasliebrecht.com\/?page_id=802"},"modified":"2024-08-29T08:40:32","modified_gmt":"2024-08-29T08:40:32","slug":"kontakt","status":"publish","type":"page","link":"https:\/\/andreasliebrecht.com\/?page_id=802&lang=de","title":{"rendered":"Kontakt"},"content":{"rendered":"<h3>Kontakt\/Buchen<\/h3>\n<p>Bei Fragen zur Eventbuchung oder anderen Angelegenheiten<br \/>\nk\u00f6nnen Sie gerne im folgenden Formular Kontakt mit mir aufnehmen.<br \/>\nGerne auch \u00fcber die Social Media Icons (Oben oder siehe ganz unten).<\/p>\n\n<div class=\"wpcf7 no-js\" id=\"wpcf7-f1616-o1\" lang=\"en-US\" dir=\"ltr\" data-wpcf7-id=\"1616\">\n<div class=\"screen-reader-response\"><p role=\"status\" aria-live=\"polite\" aria-atomic=\"true\"><\/p> <ul><\/ul><\/div>\n<form action=\"\/index.php?rest_route=%2Fwp%2Fv2%2Fpages%2F802#wpcf7-f1616-o1\" method=\"post\" class=\"wpcf7-form init\" aria-label=\"Contact form\" novalidate=\"novalidate\" data-status=\"init\">\n<div style=\"display: none;\">\n<input type=\"hidden\" name=\"_wpcf7\" value=\"1616\" \/>\n<input type=\"hidden\" name=\"_wpcf7_version\" value=\"6.0.6\" \/>\n<input type=\"hidden\" name=\"_wpcf7_locale\" value=\"en_US\" \/>\n<input type=\"hidden\" name=\"_wpcf7_unit_tag\" value=\"wpcf7-f1616-o1\" \/>\n<input type=\"hidden\" name=\"_wpcf7_container_post\" value=\"0\" \/>\n<input type=\"hidden\" name=\"_wpcf7_posted_data_hash\" value=\"\" \/>\n<input type=\"hidden\" name=\"_wpcf7_lang\" value=\"\" \/>\n<\/div>\n<p><label> Name<br \/>\n<span class=\"wpcf7-form-control-wrap\" data-name=\"your-name\"><input size=\"40\" maxlength=\"400\" class=\"wpcf7-form-control wpcf7-text wpcf7-validates-as-required\" autocomplete=\"name\" aria-required=\"true\" aria-invalid=\"false\" value=\"\" type=\"text\" name=\"your-name\" \/><\/span> <\/label>\n<\/p>\n<p><label> E-Mail<br \/>\n<span class=\"wpcf7-form-control-wrap\" data-name=\"your-email\"><input size=\"40\" maxlength=\"400\" class=\"wpcf7-form-control wpcf7-email wpcf7-validates-as-required wpcf7-text wpcf7-validates-as-email\" autocomplete=\"email\" aria-required=\"true\" aria-invalid=\"false\" value=\"\" type=\"email\" name=\"your-email\" \/><\/span> <\/label>\n<\/p>\n<p><label> \u00dcberschrift<br \/>\n<span class=\"wpcf7-form-control-wrap\" data-name=\"your-subject\"><input size=\"40\" maxlength=\"400\" class=\"wpcf7-form-control wpcf7-text wpcf7-validates-as-required\" aria-required=\"true\" aria-invalid=\"false\" value=\"\" type=\"text\" name=\"your-subject\" \/><\/span> <\/label>\n<\/p>\n<p><label> Nachricht (optional)<br \/>\n<span class=\"wpcf7-form-control-wrap\" data-name=\"your-message\"><textarea cols=\"40\" rows=\"10\" maxlength=\"2000\" class=\"wpcf7-form-control wpcf7-textarea\" aria-invalid=\"false\" name=\"your-message\"><\/textarea><\/span> <\/label>\n<\/p>\n<p><input class=\"wpcf7-form-control wpcf7-submit has-spinner\" type=\"submit\" value=\"Senden\" \/>\n<\/p><div class=\"wpcf7-response-output\" aria-hidden=\"true\"><\/div>\n<\/form>\n<\/div>\n\n<h3>Impressum<\/h3>\n<p>Andreas Liebrecht<br \/>\nMecklenburgerstra\u00dfe 6<br \/>\n49205 Hasbergen<\/p>\n<p>Tel.: 0 54 05 \/ 80 68 60<\/p>\n<p><img fetchpriority=\"high\" decoding=\"async\" class=\"size-full wp-image-252 alignleft\" src=\"https:\/\/mlvk8vbb6wbi.i.optimole.com\/w:auto\/h:auto\/q:mauto\/f:best\/ig:avif\/https:\/\/andreasliebrecht.com\/wp-content\/uploads\/2017\/08\/mail-foto.jpg\" alt=\"\" width=\"263\" height=\"21\" \/><\/p>\n","protected":false},"excerpt":{"rendered":"<p>Kontakt\/Buchen Bei Fragen zur Eventbuchung oder anderen Angelegenheiten k\u00f6nnen Sie gerne im folgenden Formular Kontakt mit mir aufnehmen. Gerne auch \u00fcber die Social Media Icons (Oben oder siehe ganz unten). Impressum Andreas Liebrecht Mecklenburgerstra\u00dfe 6 49205 Hasbergen Tel.: 0 54 05 \/ 80 68 60<\/p>\n","protected":false},"author":1,"featured_media":0,"parent":0,"menu_order":0,"comment_status":"closed","ping_status":"closed","template":"","meta":{"footnotes":""},"class_list":["post-802","page","type-page","status-publish","hentry"],"_links":{"self":[{"href":"https:\/\/andreasliebrecht.com\/index.php?rest_route=\/wp\/v2\/pages\/802"}],"collection":[{"href":"https:\/\/andreasliebrecht.com\/index.php?rest_route=\/wp\/v2\/pages"}],"about":[{"href":"https:\/\/andreasliebrecht.com\/index.php?rest_route=\/wp\/v2\/types\/page"}],"author":[{"embeddable":true,"href":"https:\/\/andreasliebrecht.com\/index.php?rest_route=\/wp\/v2\/users\/1"}],"replies":[{"embeddable":true,"href":"https:\/\/andreasliebrecht.com\/index.php?rest_route=%2Fwp%2Fv2%2Fcomments&post=802"}],"version-history":[{"count":2,"href":"https:\/\/andreasliebrecht.com\/index.php?rest_route=\/wp\/v2\/pages\/802\/revisions"}],"predecessor-version":[{"id":1621,"href":"https:\/\/andreasliebrecht.com\/index.php?rest_route=\/wp\/v2\/pages\/802\/revisions\/1621"}],"wp:attachment":[{"href":"https:\/\/andreasliebrecht.com\/index.php?rest_route=%2Fwp%2Fv2%2Fmedia&parent=802"}],"curies":[{"name":"wp","href":"https:\/\/api.w.org\/{rel}","templated":true}]}}