{"id":797,"date":"2018-04-08T08:09:01","date_gmt":"2018-04-08T08:09:01","guid":{"rendered":"https:\/\/andreasliebrecht.com\/?page_id=797"},"modified":"2021-05-17T06:34:44","modified_gmt":"2021-05-17T06:34:44","slug":"biografie","status":"publish","type":"page","link":"https:\/\/andreasliebrecht.com\/?page_id=797&lang=de","title":{"rendered":"Biografie"},"content":{"rendered":"<p style=\"text-align: left;\"><img fetchpriority=\"high\" decoding=\"async\" class=\"alignleft\" src=\"https:\/\/mlvk8vbb6wbi.i.optimole.com\/w:auto\/h:auto\/q:mauto\/f:best\/ig:avif\/https:\/\/andreasliebrecht.com\/wp-content\/uploads\/2021\/05\/Konzert-Emden-270-scaled.jpg\" width=\"420\" height=\"630\" \/>\u00a0Andreas Liebrecht ist ein deutsch-russischer Pianist, Komponist und Musikproduzent, geboren in Osnabr\u00fcck, Deutschland.<br \/>\nIm Alter von 8 Jahren spielte er auf ersten lokalen Konzerten und Events, um eine fundamentale Basis als Pianist aufzubauen.<br \/>\nInspiriert von zahlreichen Genres wie Klassik, Jazz\/Rock\/Fusion aber auch Filmmusik und dem Medium Videospiele, wurden<br \/>\nKomposition und Musik Produktion ebenfalls zur Hauptt\u00e4tigkeit.<br \/>\nNach einem Fr\u00fchstudium an der Musikhochschule Osnabr\u00fcck absolvierte er einen Bachelor im Hauptfach Klavier und anschlie\u00dfend &#8220;Komposition und Arrangement&#8221; im Masterstudium an der Musikhochschule M\u00fcnster.<\/p>\n<p>Hauptfokus als Pianist und Komponist wurde das Erschaffen von neuartiger und lebendiger Musik, die auf klassischen Strukturen aufbaut&#8230;<\/p>\n","protected":false},"excerpt":{"rendered":"<p>\u00a0Andreas Liebrecht ist ein deutsch-russischer Pianist, Komponist und Musikproduzent, geboren in Osnabr\u00fcck, Deutschland. Im Alter von 8 Jahren spielte er auf ersten lokalen Konzerten und Events, um eine fundamentale Basis als Pianist aufzubauen. Inspiriert von zahlreichen Genres wie Klassik, Jazz\/Rock\/Fusion aber auch Filmmusik und dem Medium Videospiele, wurden Komposition und Musik Produktion ebenfalls zur Hauptt\u00e4tigkeit. [&hellip;]<\/p>\n","protected":false},"author":1,"featured_media":0,"parent":0,"menu_order":0,"comment_status":"closed","ping_status":"closed","template":"","meta":{"footnotes":""},"class_list":["post-797","page","type-page","status-publish","hentry"],"_links":{"self":[{"href":"https:\/\/andreasliebrecht.com\/index.php?rest_route=\/wp\/v2\/pages\/797"}],"collection":[{"href":"https:\/\/andreasliebrecht.com\/index.php?rest_route=\/wp\/v2\/pages"}],"about":[{"href":"https:\/\/andreasliebrecht.com\/index.php?rest_route=\/wp\/v2\/types\/page"}],"author":[{"embeddable":true,"href":"https:\/\/andreasliebrecht.com\/index.php?rest_route=\/wp\/v2\/users\/1"}],"replies":[{"embeddable":true,"href":"https:\/\/andreasliebrecht.com\/index.php?rest_route=%2Fwp%2Fv2%2Fcomments&post=797"}],"version-history":[{"count":3,"href":"https:\/\/andreasliebrecht.com\/index.php?rest_route=\/wp\/v2\/pages\/797\/revisions"}],"predecessor-version":[{"id":1392,"href":"https:\/\/andreasliebrecht.com\/index.php?rest_route=\/wp\/v2\/pages\/797\/revisions\/1392"}],"wp:attachment":[{"href":"https:\/\/andreasliebrecht.com\/index.php?rest_route=%2Fwp%2Fv2%2Fmedia&parent=797"}],"curies":[{"name":"wp","href":"https:\/\/api.w.org\/{rel}","templated":true}]}}