{"id":793,"date":"2018-03-31T09:30:13","date_gmt":"2018-03-31T09:30:13","guid":{"rendered":"https:\/\/andreasliebrecht.com\/?page_id=793"},"modified":"2021-05-17T06:39:58","modified_gmt":"2021-05-17T06:39:58","slug":"noten","status":"publish","type":"page","link":"https:\/\/andreasliebrecht.com\/?page_id=793&lang=de","title":{"rendered":"Kompositionen"},"content":{"rendered":"<p>Eine Liste s\u00e4mtlicher komponierter Musik:<\/p>\n<p>Mystery &#8211; F\u00fcr Violoncello und Klavier, (2018)<\/p>\n<!--[if lt IE 9]><script>document.createElement('audio');<\/script><![endif]-->\n<audio class=\"wp-audio-shortcode\" id=\"audio-793-1\" preload=\"none\" style=\"width: 100%;\" controls=\"controls\"><source type=\"audio\/mpeg\" src=\"https:\/\/andreasliebrecht.com\/wp-content\/uploads\/2018\/11\/Mystery.mp3?_=1\" \/><a href=\"https:\/\/andreasliebrecht.com\/wp-content\/uploads\/2018\/11\/Mystery.mp3\">https:\/\/andreasliebrecht.com\/wp-content\/uploads\/2018\/11\/Mystery.mp3<\/a><\/audio>\n<p><a href=\"https:\/\/andreasliebrecht.com\/?product=mystery-for-cello-and-piano&amp;lang=de\" target=\"_blank\" rel=\"noopener\">Noten kaufen<\/a><\/p>\n<p>Elegia &#8211; F\u00fcr Violoncello und Klavier, (2018)<\/p>\n<audio class=\"wp-audio-shortcode\" id=\"audio-793-2\" preload=\"none\" style=\"width: 100%;\" controls=\"controls\"><source type=\"audio\/mpeg\" src=\"https:\/\/andreasliebrecht.com\/wp-content\/uploads\/2018\/11\/Elegia.mp3?_=2\" \/><a href=\"https:\/\/andreasliebrecht.com\/wp-content\/uploads\/2018\/11\/Elegia.mp3\">https:\/\/andreasliebrecht.com\/wp-content\/uploads\/2018\/11\/Elegia.mp3<\/a><\/audio>\n<p><a href=\"https:\/\/andreasliebrecht.com\/?product=elegia-for-cello-and-piano&amp;lang=de\" target=\"_blank\" rel=\"noopener\">Noten kaufen<\/a><\/p>\n<p>Remembrance &#8211; F\u00fcr Viola und Klavier, (2018)<\/p>\n<audio class=\"wp-audio-shortcode\" id=\"audio-793-3\" preload=\"none\" style=\"width: 100%;\" controls=\"controls\"><source type=\"audio\/mpeg\" src=\"https:\/\/andreasliebrecht.com\/wp-content\/uploads\/2018\/11\/Remembrance.mp3?_=3\" \/><a href=\"https:\/\/andreasliebrecht.com\/wp-content\/uploads\/2018\/11\/Remembrance.mp3\">https:\/\/andreasliebrecht.com\/wp-content\/uploads\/2018\/11\/Remembrance.mp3<\/a><\/audio>\n<p><a href=\"https:\/\/andreasliebrecht.com\/?product=remembrance-for-viola-and-piano&amp;lang=de\" target=\"_blank\" rel=\"noopener\">Noten kaufen<\/a><\/p>\n<p>New Moods &#8211; F\u00fcr Viola und Klavier, (2018)<\/p>\n<audio class=\"wp-audio-shortcode\" id=\"audio-793-4\" preload=\"none\" style=\"width: 100%;\" controls=\"controls\"><source type=\"audio\/mpeg\" src=\"https:\/\/andreasliebrecht.com\/wp-content\/uploads\/2018\/11\/New-Moods.mp3?_=4\" \/><a href=\"https:\/\/andreasliebrecht.com\/wp-content\/uploads\/2018\/11\/New-Moods.mp3\">https:\/\/andreasliebrecht.com\/wp-content\/uploads\/2018\/11\/New-Moods.mp3<\/a><\/audio>\n<p><a href=\"https:\/\/andreasliebrecht.com\/?product=new-moods-for-viola-and-piano&amp;lang=de\" target=\"_blank\" rel=\"noopener\">Noten kaufen<\/a><\/p>\n<p>Wandering &#8211; F\u00fcr Streichquartett, (2018)<\/p>\n<audio class=\"wp-audio-shortcode\" id=\"audio-793-5\" preload=\"none\" style=\"width: 100%;\" controls=\"controls\"><source type=\"audio\/mpeg\" src=\"https:\/\/andreasliebrecht.com\/wp-content\/uploads\/2018\/11\/Wandering.mp3?_=5\" \/><a href=\"https:\/\/andreasliebrecht.com\/wp-content\/uploads\/2018\/11\/Wandering.mp3\">https:\/\/andreasliebrecht.com\/wp-content\/uploads\/2018\/11\/Wandering.mp3<\/a><\/audio>\n<p><a href=\"https:\/\/andreasliebrecht.com\/?product=wandering-fur-streichquartett&amp;lang=de\" target=\"_blank\" rel=\"noopener\">Noten kaufen<\/a><\/p>\n<p><span style=\"text-decoration: underline;\"><strong>Piano Solo:<\/strong><\/span><\/p>\n<p>Warm Rain, (2018)<\/p>\n<audio class=\"wp-audio-shortcode\" id=\"audio-793-6\" preload=\"none\" style=\"width: 100%;\" controls=\"controls\"><source type=\"audio\/mpeg\" src=\"https:\/\/andreasliebrecht.com\/wp-content\/uploads\/2018\/11\/Warm-Rain_demo.mp3?_=6\" \/><a href=\"https:\/\/andreasliebrecht.com\/wp-content\/uploads\/2018\/11\/Warm-Rain_demo.mp3\">https:\/\/andreasliebrecht.com\/wp-content\/uploads\/2018\/11\/Warm-Rain_demo.mp3<\/a><\/audio>\n<p><a href=\"https:\/\/andreasliebrecht.com\/?product=warm-rain-fur-klavier&amp;lang=de\" target=\"_blank\" rel=\"noopener\">Noten kaufen<\/a><\/p>\n<p>Childhood, (2018)<br \/><a href=\"https:\/\/andreasliebrecht.com\/?product=childhood-fur-klavier&amp;lang=de\" target=\"_blank\" rel=\"noopener\">Noten kaufen<\/a><\/p>\n<p>Beauty, (2018)<br \/><a href=\"https:\/\/andreasliebrecht.com\/?product=beauty-fur-klavier&amp;lang=de\" target=\"_blank\" rel=\"noopener\">Noten kaufen<\/a><\/p>\n<p>Immortal Echo, <a href=\"https:\/\/andreasliebrecht.com\/?product=pianocosmos-album-2\">PIANOCOSMOS<\/a> (2017)<\/p>\n<audio class=\"wp-audio-shortcode\" id=\"audio-793-7\" preload=\"none\" style=\"width: 100%;\" controls=\"controls\"><source type=\"audio\/mpeg\" src=\"https:\/\/andreasliebrecht.com\/wp-content\/uploads\/2017\/08\/Demo-Immortal-Echo-Ausgang-Stereo-Out.mp3?_=7\" \/><a href=\"https:\/\/andreasliebrecht.com\/wp-content\/uploads\/2017\/08\/Demo-Immortal-Echo-Ausgang-Stereo-Out.mp3\">https:\/\/andreasliebrecht.com\/wp-content\/uploads\/2017\/08\/Demo-Immortal-Echo-Ausgang-Stereo-Out.mp3<\/a><\/audio>\n<p><a href=\"https:\/\/andreasliebrecht.com\/?product=immortal-echo-pianocosmos-digital-sheet-music-2\" target=\"_blank\" rel=\"noopener\">Noten kaufen<\/a><\/p>\n<p>Who&#8217;s Chasing Me, <a href=\"https:\/\/andreasliebrecht.com\/?product=pianocosmos-album-2\">PIANOCOSMOS<\/a> (2017)<\/p>\n<audio class=\"wp-audio-shortcode\" id=\"audio-793-8\" preload=\"none\" style=\"width: 100%;\" controls=\"controls\"><source type=\"audio\/mpeg\" src=\"https:\/\/andreasliebrecht.com\/wp-content\/uploads\/2017\/08\/Demo-Whos-Chasing-Me-Ausgang-Stereo-Out.mp3?_=8\" \/><a href=\"https:\/\/andreasliebrecht.com\/wp-content\/uploads\/2017\/08\/Demo-Whos-Chasing-Me-Ausgang-Stereo-Out.mp3\">https:\/\/andreasliebrecht.com\/wp-content\/uploads\/2017\/08\/Demo-Whos-Chasing-Me-Ausgang-Stereo-Out.mp3<\/a><\/audio>\n<p><a href=\"https:\/\/andreasliebrecht.com\/?product=whos-chasing-me-pianocosmos-digital-sheet-music-2\" target=\"_blank\" rel=\"noopener\">Noten kaufen<\/a><\/p>\n<p>Ballade, <a href=\"https:\/\/andreasliebrecht.com\/?product=pianocosmos-album-2\">PIANOCOSMOS<\/a> (2017)<\/p>\n<audio class=\"wp-audio-shortcode\" id=\"audio-793-9\" preload=\"none\" style=\"width: 100%;\" controls=\"controls\"><source type=\"audio\/mpeg\" src=\"https:\/\/andreasliebrecht.com\/wp-content\/uploads\/2017\/08\/Demo-Ballade-Ausgang-Stereo-Out.mp3?_=9\" \/><a href=\"https:\/\/andreasliebrecht.com\/wp-content\/uploads\/2017\/08\/Demo-Ballade-Ausgang-Stereo-Out.mp3\">https:\/\/andreasliebrecht.com\/wp-content\/uploads\/2017\/08\/Demo-Ballade-Ausgang-Stereo-Out.mp3<\/a><\/audio>\n<p><a href=\"https:\/\/andreasliebrecht.com\/?product=ballade-pianocosmos-digital-sheet-music-2\" target=\"_blank\" rel=\"noopener\">Noten kaufen<\/a><\/p>\n<p>Modern World, <a href=\"https:\/\/andreasliebrecht.com\/?product=pianocosmos-album-2\">PIANOCOSMOS<\/a> (2017)<\/p>\n<audio class=\"wp-audio-shortcode\" id=\"audio-793-10\" preload=\"none\" style=\"width: 100%;\" controls=\"controls\"><source type=\"audio\/mpeg\" src=\"https:\/\/andreasliebrecht.com\/wp-content\/uploads\/2017\/08\/Demo-Modern-World-Ausgang-Stereo-Out.mp3?_=10\" \/><a href=\"https:\/\/andreasliebrecht.com\/wp-content\/uploads\/2017\/08\/Demo-Modern-World-Ausgang-Stereo-Out.mp3\">https:\/\/andreasliebrecht.com\/wp-content\/uploads\/2017\/08\/Demo-Modern-World-Ausgang-Stereo-Out.mp3<\/a><\/audio>\n<p><a href=\"https:\/\/andreasliebrecht.com\/?product=modern-world-pianocosmos-digital-sheet-music-2\" target=\"_blank\" rel=\"noopener\">Noten kaufen<\/a><\/p>\n<p>Illusions, <a href=\"https:\/\/andreasliebrecht.com\/?product=pianocosmos-album-2\">PIANOCOSMOS<\/a> (2017)<\/p>\n<audio class=\"wp-audio-shortcode\" id=\"audio-793-11\" preload=\"none\" style=\"width: 100%;\" controls=\"controls\"><source type=\"audio\/mpeg\" src=\"https:\/\/andreasliebrecht.com\/wp-content\/uploads\/2017\/08\/Demo-Illusions-Ausgang-Stereo-Out.mp3?_=11\" \/><a href=\"https:\/\/andreasliebrecht.com\/wp-content\/uploads\/2017\/08\/Demo-Illusions-Ausgang-Stereo-Out.mp3\">https:\/\/andreasliebrecht.com\/wp-content\/uploads\/2017\/08\/Demo-Illusions-Ausgang-Stereo-Out.mp3<\/a><\/audio>\n<p><a href=\"https:\/\/andreasliebrecht.com\/?product=illusions-pianocosmos-digital-sheet-music-2\" target=\"_blank\" rel=\"noopener\">Noten kaufen<\/a><\/p>\n<p>The Times, <a href=\"https:\/\/andreasliebrecht.com\/?product=pianocosmos-album-2\">PIANOCOSMOS<\/a> (2017)<\/p>\n<audio class=\"wp-audio-shortcode\" id=\"audio-793-12\" preload=\"none\" style=\"width: 100%;\" controls=\"controls\"><source type=\"audio\/mpeg\" src=\"https:\/\/andreasliebrecht.com\/wp-content\/uploads\/2017\/08\/Demo-The-Times-Ausgang-Stereo-Out.mp3?_=12\" \/><a href=\"https:\/\/andreasliebrecht.com\/wp-content\/uploads\/2017\/08\/Demo-The-Times-Ausgang-Stereo-Out.mp3\">https:\/\/andreasliebrecht.com\/wp-content\/uploads\/2017\/08\/Demo-The-Times-Ausgang-Stereo-Out.mp3<\/a><\/audio>\n<p><a href=\"https:\/\/andreasliebrecht.com\/?product=the-times-pianocosmos-digital-sheet-music-2\" target=\"_blank\" rel=\"noopener\">Noten kaufen<\/a><\/p>\n<p>Winterstille, <a href=\"https:\/\/andreasliebrecht.com\/?product=pianocosmos-album-2\">PIANOCOSMOS<\/a> (2017)<\/p>\n<audio class=\"wp-audio-shortcode\" id=\"audio-793-13\" preload=\"none\" style=\"width: 100%;\" controls=\"controls\"><source type=\"audio\/mpeg\" src=\"https:\/\/andreasliebrecht.com\/wp-content\/uploads\/2017\/08\/Demo-Winterstille-Ausgang-Stereo-Out.mp3?_=13\" \/><a href=\"https:\/\/andreasliebrecht.com\/wp-content\/uploads\/2017\/08\/Demo-Winterstille-Ausgang-Stereo-Out.mp3\">https:\/\/andreasliebrecht.com\/wp-content\/uploads\/2017\/08\/Demo-Winterstille-Ausgang-Stereo-Out.mp3<\/a><\/audio>\n<p><a href=\"https:\/\/andreasliebrecht.com\/?product=winterstille-pianocosmos-digital-sheet-music-2\" target=\"_blank\" rel=\"noopener\">Noten kaufen<\/a><\/p>\n<p>Reverie, <a href=\"https:\/\/andreasliebrecht.com\/?product=pianocosmos-album-2\">PIANOCOSMOS<\/a> (2017)<\/p>\n<audio class=\"wp-audio-shortcode\" id=\"audio-793-14\" preload=\"none\" style=\"width: 100%;\" controls=\"controls\"><source type=\"audio\/mpeg\" src=\"https:\/\/andreasliebrecht.com\/wp-content\/uploads\/2017\/08\/Demo-Reverie-Ausgang-Stereo-Out.mp3?_=14\" \/><a href=\"https:\/\/andreasliebrecht.com\/wp-content\/uploads\/2017\/08\/Demo-Reverie-Ausgang-Stereo-Out.mp3\">https:\/\/andreasliebrecht.com\/wp-content\/uploads\/2017\/08\/Demo-Reverie-Ausgang-Stereo-Out.mp3<\/a><\/audio>\n<p><a href=\"https:\/\/andreasliebrecht.com\/?product=reverie-pianocosmos-digital-sheet-music-2\" target=\"_blank\" rel=\"noopener\">Noten kaufen<\/a><\/p>\n<p>The Storm, <a href=\"https:\/\/andreasliebrecht.com\/?product=pianocosmos-album-2\">PIANOCOSMOS<\/a> (2017))<\/p>\n<audio class=\"wp-audio-shortcode\" id=\"audio-793-15\" preload=\"none\" style=\"width: 100%;\" controls=\"controls\"><source type=\"audio\/mpeg\" src=\"https:\/\/andreasliebrecht.com\/wp-content\/uploads\/2017\/08\/Demo-The-Storm-Ausgang-Stereo-Out.mp3?_=15\" \/><a href=\"https:\/\/andreasliebrecht.com\/wp-content\/uploads\/2017\/08\/Demo-The-Storm-Ausgang-Stereo-Out.mp3\">https:\/\/andreasliebrecht.com\/wp-content\/uploads\/2017\/08\/Demo-The-Storm-Ausgang-Stereo-Out.mp3<\/a><\/audio>\n<p><a href=\"https:\/\/andreasliebrecht.com\/?product=the-storm-pianocosmos-digital-sheet-music-2\" target=\"_blank\" rel=\"noopener\">Noten kaufen<\/a><\/p>\n<p>Nostalgia, <a href=\"https:\/\/andreasliebrecht.com\/?product=pianocosmos-album-2\">PIANOCOSMOS<\/a> (2017)<\/p>\n<audio class=\"wp-audio-shortcode\" id=\"audio-793-16\" preload=\"none\" style=\"width: 100%;\" controls=\"controls\"><source type=\"audio\/mpeg\" src=\"https:\/\/andreasliebrecht.com\/wp-content\/uploads\/2017\/08\/Demo-Nostalgia-Ausgang-Stereo-Out.mp3?_=16\" \/><a href=\"https:\/\/andreasliebrecht.com\/wp-content\/uploads\/2017\/08\/Demo-Nostalgia-Ausgang-Stereo-Out.mp3\">https:\/\/andreasliebrecht.com\/wp-content\/uploads\/2017\/08\/Demo-Nostalgia-Ausgang-Stereo-Out.mp3<\/a><\/audio>\n<p><a href=\"https:\/\/andreasliebrecht.com\/?product=nostalgia-pianocosmos-digital-sheet-music-2\" target=\"_blank\" rel=\"noopener\">Noten kaufen<\/a><\/p>","protected":false},"excerpt":{"rendered":"<p>Eine Liste s\u00e4mtlicher komponierter Musik: Mystery &#8211; F\u00fcr Violoncello und Klavier, (2018) Noten kaufen Elegia &#8211; F\u00fcr Violoncello und Klavier, (2018) Noten kaufen Remembrance &#8211; F\u00fcr Viola und Klavier, (2018) Noten kaufen New Moods &#8211; F\u00fcr Viola und Klavier, (2018) Noten kaufen Wandering &#8211; F\u00fcr Streichquartett, (2018) Noten kaufen Piano Solo: Warm Rain, (2018) Noten [&hellip;]<\/p>\n","protected":false},"author":1,"featured_media":0,"parent":0,"menu_order":0,"comment_status":"closed","ping_status":"closed","template":"","meta":{"footnotes":""},"class_list":["post-793","page","type-page","status-publish","hentry"],"_links":{"self":[{"href":"https:\/\/andreasliebrecht.com\/index.php?rest_route=\/wp\/v2\/pages\/793"}],"collection":[{"href":"https:\/\/andreasliebrecht.com\/index.php?rest_route=\/wp\/v2\/pages"}],"about":[{"href":"https:\/\/andreasliebrecht.com\/index.php?rest_route=\/wp\/v2\/types\/page"}],"author":[{"embeddable":true,"href":"https:\/\/andreasliebrecht.com\/index.php?rest_route=\/wp\/v2\/users\/1"}],"replies":[{"embeddable":true,"href":"https:\/\/andreasliebrecht.com\/index.php?rest_route=%2Fwp%2Fv2%2Fcomments&post=793"}],"version-history":[{"count":15,"href":"https:\/\/andreasliebrecht.com\/index.php?rest_route=\/wp\/v2\/pages\/793\/revisions"}],"predecessor-version":[{"id":1397,"href":"https:\/\/andreasliebrecht.com\/index.php?rest_route=\/wp\/v2\/pages\/793\/revisions\/1397"}],"wp:attachment":[{"href":"https:\/\/andreasliebrecht.com\/index.php?rest_route=%2Fwp%2Fv2%2Fmedia&parent=793"}],"curies":[{"name":"wp","href":"https:\/\/api.w.org\/{rel}","templated":true}]}}