{"id":1607,"date":"2024-08-29T08:06:40","date_gmt":"2024-08-29T08:06:40","guid":{"rendered":"https:\/\/andreasliebrecht.com\/?page_id=1607"},"modified":"2024-08-29T08:40:42","modified_gmt":"2024-08-29T08:40:42","slug":"unterricht-buchen","status":"publish","type":"page","link":"https:\/\/andreasliebrecht.com\/?page_id=1607&lang=de","title":{"rendered":"Unterricht buchen"},"content":{"rendered":"<h3>Eine Unterrichtseinheit buchen<\/h3>\n<p>Bei Interesse an Klavier-, Theorie-, Kompositions- oder auch Improvisationsunterricht (auch Online) kontaktieren sie mich \u00fcber das folgende Formular. Ansonsten k\u00f6nnen sie mich auch per Mail (siehe unten) oder einfach \u00fcber meine Social Media Kan\u00e4le erreichen.<\/p>\n\n<div class=\"wpcf7 no-js\" id=\"wpcf7-f1616-o1\" lang=\"en-US\" dir=\"ltr\" data-wpcf7-id=\"1616\">\n<div class=\"screen-reader-response\"><p role=\"status\" aria-live=\"polite\" aria-atomic=\"true\"><\/p> <ul><\/ul><\/div>\n<form action=\"\/index.php?rest_route=%2Fwp%2Fv2%2Fpages%2F1607#wpcf7-f1616-o1\" method=\"post\" class=\"wpcf7-form init\" aria-label=\"Contact form\" novalidate=\"novalidate\" data-status=\"init\">\n<div style=\"display: none;\">\n<input type=\"hidden\" name=\"_wpcf7\" value=\"1616\" \/>\n<input type=\"hidden\" name=\"_wpcf7_version\" value=\"6.0.6\" \/>\n<input type=\"hidden\" name=\"_wpcf7_locale\" value=\"en_US\" \/>\n<input type=\"hidden\" name=\"_wpcf7_unit_tag\" value=\"wpcf7-f1616-o1\" \/>\n<input type=\"hidden\" name=\"_wpcf7_container_post\" value=\"0\" \/>\n<input type=\"hidden\" name=\"_wpcf7_posted_data_hash\" value=\"\" \/>\n<input type=\"hidden\" name=\"_wpcf7_lang\" value=\"\" \/>\n<\/div>\n<p><label> Name<br \/>\n<span class=\"wpcf7-form-control-wrap\" data-name=\"your-name\"><input size=\"40\" maxlength=\"400\" class=\"wpcf7-form-control wpcf7-text wpcf7-validates-as-required\" autocomplete=\"name\" aria-required=\"true\" aria-invalid=\"false\" value=\"\" type=\"text\" name=\"your-name\" \/><\/span> <\/label>\n<\/p>\n<p><label> E-Mail<br \/>\n<span class=\"wpcf7-form-control-wrap\" data-name=\"your-email\"><input size=\"40\" maxlength=\"400\" class=\"wpcf7-form-control wpcf7-email wpcf7-validates-as-required wpcf7-text wpcf7-validates-as-email\" autocomplete=\"email\" aria-required=\"true\" aria-invalid=\"false\" value=\"\" type=\"email\" name=\"your-email\" \/><\/span> <\/label>\n<\/p>\n<p><label> \u00dcberschrift<br \/>\n<span class=\"wpcf7-form-control-wrap\" data-name=\"your-subject\"><input size=\"40\" maxlength=\"400\" class=\"wpcf7-form-control wpcf7-text wpcf7-validates-as-required\" aria-required=\"true\" aria-invalid=\"false\" value=\"\" type=\"text\" name=\"your-subject\" \/><\/span> <\/label>\n<\/p>\n<p><label> Nachricht (optional)<br \/>\n<span class=\"wpcf7-form-control-wrap\" data-name=\"your-message\"><textarea cols=\"40\" rows=\"10\" maxlength=\"2000\" class=\"wpcf7-form-control wpcf7-textarea\" aria-invalid=\"false\" name=\"your-message\"><\/textarea><\/span> <\/label>\n<\/p>\n<p><input class=\"wpcf7-form-control wpcf7-submit has-spinner\" type=\"submit\" value=\"Senden\" \/>\n<\/p><div class=\"wpcf7-response-output\" aria-hidden=\"true\"><\/div>\n<\/form>\n<\/div>\n\n<h3>Impressum<\/h3>\n<p>Andreas Liebrecht<br \/>Mecklenburgerstra\u00dfe 6<br \/>49205 Hasbergen<\/p>\n<p>Tel.: 0 54 05 \/ 80 68 60<\/p>","protected":false},"excerpt":{"rendered":"<p>Eine Unterrichtseinheit buchen Bei Interesse an Klavier-, Theorie-, Kompositions- oder auch Improvisationsunterricht (auch Online) kontaktieren sie mich \u00fcber das folgende Formular. Ansonsten k\u00f6nnen sie mich auch per Mail (siehe unten) oder einfach \u00fcber meine Social Media Kan\u00e4le erreichen. Impressum Andreas LiebrechtMecklenburgerstra\u00dfe 649205 Hasbergen Tel.: 0 54 05 \/ 80 68 60<\/p>\n","protected":false},"author":1,"featured_media":0,"parent":0,"menu_order":0,"comment_status":"closed","ping_status":"closed","template":"","meta":{"footnotes":""},"class_list":["post-1607","page","type-page","status-publish","hentry"],"_links":{"self":[{"href":"https:\/\/andreasliebrecht.com\/index.php?rest_route=\/wp\/v2\/pages\/1607"}],"collection":[{"href":"https:\/\/andreasliebrecht.com\/index.php?rest_route=\/wp\/v2\/pages"}],"about":[{"href":"https:\/\/andreasliebrecht.com\/index.php?rest_route=\/wp\/v2\/types\/page"}],"author":[{"embeddable":true,"href":"https:\/\/andreasliebrecht.com\/index.php?rest_route=\/wp\/v2\/users\/1"}],"replies":[{"embeddable":true,"href":"https:\/\/andreasliebrecht.com\/index.php?rest_route=%2Fwp%2Fv2%2Fcomments&post=1607"}],"version-history":[{"count":2,"href":"https:\/\/andreasliebrecht.com\/index.php?rest_route=\/wp\/v2\/pages\/1607\/revisions"}],"predecessor-version":[{"id":1619,"href":"https:\/\/andreasliebrecht.com\/index.php?rest_route=\/wp\/v2\/pages\/1607\/revisions\/1619"}],"wp:attachment":[{"href":"https:\/\/andreasliebrecht.com\/index.php?rest_route=%2Fwp%2Fv2%2Fmedia&parent=1607"}],"curies":[{"name":"wp","href":"https:\/\/api.w.org\/{rel}","templated":true}]}}